{"id":72,"date":"2022-04-08T12:06:37","date_gmt":"2022-04-08T10:06:37","guid":{"rendered":"https:\/\/ostcjknjiznica.splet.arnes.si\/?page_id=72"},"modified":"2023-02-23T11:26:17","modified_gmt":"2023-02-23T10:26:17","slug":"mednarodni-mesec-solskih-knjiznic","status":"publish","type":"page","link":"https:\/\/ostcjknjiznica.splet.arnes.si\/?page_id=72","title":{"rendered":"MEDNARODNI MESEC \u0160OLSKIH KNJI\u017dNIC"},"content":{"rendered":"\n<h2 class=\"wp-block-heading\">Branje za globalni mir in hamonijo<\/h2>\n\n\n\n<p>Dejavnost v okviru projekta koordinira Sekcija za \u0161olske knji\u017enice v Zvezi bibliotekarskih dru\u0161tev Slovenije, poteka pa pod okriljem&nbsp; Mednarodnega zdru\u017eenja \u0161olskih knji\u017eni\u010darjev (IASL &#8211; International Association of School Librarianship).<\/p>\n\n\n\n<p>Letos bomo mednarodni mesec \u0161olskih knji\u017enic obele\u017eili s pomo\u010djo teme \u201c Branje za globalni mir in harmonijo\u201d. Z medpredmetnim vklju\u010devanjem v knji\u017eni\u010dno informacijska znanja bomo razmi\u0161ljali o tem, kako nam lahko branje pomaga razumeti in podpirati drug drugega. Izbirali bomo zgodbe, ki nas bodo popeljale do ve\u010djega razumevanja in so\u010dutja do ljudi, ki v svojem \u017eivljenju do\u017eivljajo te\u017eke situacije.<\/p>\n","protected":false},"excerpt":{"rendered":"<p>Branje za globalni mir in hamonijo Dejavnost v okviru projekta koordinira Sekcija za \u0161olske knji\u017enice v Zvezi bibliotekarskih dru\u0161tev Slovenije, poteka pa pod okriljem&nbsp; Mednarodnega zdru\u017eenja \u0161olskih knji\u017eni\u010darjev (IASL &#8211; International Association of School Librarianship). Letos bomo mednarodni mesec \u0161olskih knji\u017enic obele\u017eili s pomo\u010djo teme \u201c Branje za globalni mir in harmonijo\u201d. Z medpredmetnim vklju\u010devanjem &hellip; <a href=\"https:\/\/ostcjknjiznica.splet.arnes.si\/?page_id=72\" class=\"more-link\">Preberi ve\u010d <span class=\"screen-reader-text\">MEDNARODNI MESEC \u0160OLSKIH KNJI\u017dNIC<\/span> <span class=\"meta-nav\">&rarr;<\/span><\/a><\/p>\n","protected":false},"author":19987,"featured_media":0,"parent":0,"menu_order":0,"comment_status":"closed","ping_status":"closed","template":"","meta":{"footnotes":""},"class_list":["post-72","page","type-page","status-publish","hentry"],"_links":{"self":[{"href":"https:\/\/ostcjknjiznica.splet.arnes.si\/index.php?rest_route=\/wp\/v2\/pages\/72","targetHints":{"allow":["GET"]}}],"collection":[{"href":"https:\/\/ostcjknjiznica.splet.arnes.si\/index.php?rest_route=\/wp\/v2\/pages"}],"about":[{"href":"https:\/\/ostcjknjiznica.splet.arnes.si\/index.php?rest_route=\/wp\/v2\/types\/page"}],"author":[{"embeddable":true,"href":"https:\/\/ostcjknjiznica.splet.arnes.si\/index.php?rest_route=\/wp\/v2\/users\/19987"}],"replies":[{"embeddable":true,"href":"https:\/\/ostcjknjiznica.splet.arnes.si\/index.php?rest_route=%2Fwp%2Fv2%2Fcomments&post=72"}],"version-history":[{"count":2,"href":"https:\/\/ostcjknjiznica.splet.arnes.si\/index.php?rest_route=\/wp\/v2\/pages\/72\/revisions"}],"predecessor-version":[{"id":282,"href":"https:\/\/ostcjknjiznica.splet.arnes.si\/index.php?rest_route=\/wp\/v2\/pages\/72\/revisions\/282"}],"wp:attachment":[{"href":"https:\/\/ostcjknjiznica.splet.arnes.si\/index.php?rest_route=%2Fwp%2Fv2%2Fmedia&parent=72"}],"curies":[{"name":"wp","href":"https:\/\/api.w.org\/{rel}","templated":true}]}}