{"id":69,"date":"2022-04-08T12:06:37","date_gmt":"2022-04-08T10:06:37","guid":{"rendered":"https:\/\/ostcjknjiznica.splet.arnes.si\/?page_id=69"},"modified":"2023-02-23T10:54:57","modified_gmt":"2023-02-23T09:54:57","slug":"teden-pisanja-z-roko","status":"publish","type":"page","link":"https:\/\/ostcjknjiznica.splet.arnes.si\/?page_id=69","title":{"rendered":"TEDEN PISANJA Z ROKO"},"content":{"rendered":"\n<figure class=\"wp-block-image size-full\"><img loading=\"lazy\" decoding=\"async\" width=\"728\" height=\"90\" src=\"https:\/\/ostcjknjiznica.splet.arnes.si\/files\/2023\/02\/teden.png\" alt=\"\" class=\"wp-image-261\" srcset=\"https:\/\/ostcjknjiznica.splet.arnes.si\/files\/2023\/02\/teden.png 728w, https:\/\/ostcjknjiznica.splet.arnes.si\/files\/2023\/02\/teden-300x37.png 300w\" sizes=\"auto, (max-width: 728px) 100vw, 728px\" \/><\/figure>\n\n\n<div class=\"wp-block-image\">\n<figure class=\"aligncenter size-full is-resized\"><img loading=\"lazy\" decoding=\"async\" src=\"https:\/\/ostcjknjiznica.splet.arnes.si\/files\/2023\/02\/teden.jpg\" alt=\"\" class=\"wp-image-262\" width=\"203\" height=\"270\" srcset=\"https:\/\/ostcjknjiznica.splet.arnes.si\/files\/2023\/02\/teden.jpg 401w, https:\/\/ostcjknjiznica.splet.arnes.si\/files\/2023\/02\/teden-225x300.jpg 225w\" sizes=\"auto, (max-width: 203px) 100vw, 203px\" \/><figcaption>Teden pisanja z roko 2022 (foto: KSP)<\/figcaption><\/figure>\n<\/div>\n\n\n<p>Pi\u0161emo. Vse ve\u010d s pomo\u010djo ra\u010dunalnika. Ker \u017eelimo spodbujati tudi pisanje z roko, smo se odlo\u010dili, da bomo sodelovali v akciji Teden pisanja z roko 2023. Akcija poteka od 23.&nbsp;do 27. januarja 2023. Glede na izbrano temo bomo zbirali misli, zapisane s pisavami, ki se razlikujejo po obliki, velikosti, nagnjenosti, razli\u010dno okra\u0161ene, estetske, ne\u010ditljive, poenostavljene,\u2026 tudi s kak\u0161no slovni\u010dno napako. Skratka vse, kar naredi \u010dlovek. K ustvarjanju bodo vabljeni vsi: u\u010denci, star\u0161i, babice, dedki, delavci \u0161ole, ob\u010dani,\u2026<\/p>\n\n\n\n<p>Prispelo gradivo bomo strnili in pripravili razstavo.<\/p>\n","protected":false},"excerpt":{"rendered":"<p>Pi\u0161emo. Vse ve\u010d s pomo\u010djo ra\u010dunalnika. Ker \u017eelimo spodbujati tudi pisanje z roko, smo se odlo\u010dili, da bomo sodelovali v akciji Teden pisanja z roko 2023. Akcija poteka od 23.&nbsp;do 27. januarja 2023. Glede na izbrano temo bomo zbirali misli, zapisane s pisavami, ki se razlikujejo po obliki, velikosti, nagnjenosti, razli\u010dno okra\u0161ene, estetske, ne\u010ditljive, poenostavljene,\u2026 &hellip; <a href=\"https:\/\/ostcjknjiznica.splet.arnes.si\/?page_id=69\" class=\"more-link\">Preberi ve\u010d <span class=\"screen-reader-text\">TEDEN PISANJA Z ROKO<\/span> <span class=\"meta-nav\">&rarr;<\/span><\/a><\/p>\n","protected":false},"author":19987,"featured_media":0,"parent":0,"menu_order":0,"comment_status":"closed","ping_status":"closed","template":"","meta":{"footnotes":""},"class_list":["post-69","page","type-page","status-publish","hentry"],"_links":{"self":[{"href":"https:\/\/ostcjknjiznica.splet.arnes.si\/index.php?rest_route=\/wp\/v2\/pages\/69","targetHints":{"allow":["GET"]}}],"collection":[{"href":"https:\/\/ostcjknjiznica.splet.arnes.si\/index.php?rest_route=\/wp\/v2\/pages"}],"about":[{"href":"https:\/\/ostcjknjiznica.splet.arnes.si\/index.php?rest_route=\/wp\/v2\/types\/page"}],"author":[{"embeddable":true,"href":"https:\/\/ostcjknjiznica.splet.arnes.si\/index.php?rest_route=\/wp\/v2\/users\/19987"}],"replies":[{"embeddable":true,"href":"https:\/\/ostcjknjiznica.splet.arnes.si\/index.php?rest_route=%2Fwp%2Fv2%2Fcomments&post=69"}],"version-history":[{"count":2,"href":"https:\/\/ostcjknjiznica.splet.arnes.si\/index.php?rest_route=\/wp\/v2\/pages\/69\/revisions"}],"predecessor-version":[{"id":263,"href":"https:\/\/ostcjknjiznica.splet.arnes.si\/index.php?rest_route=\/wp\/v2\/pages\/69\/revisions\/263"}],"wp:attachment":[{"href":"https:\/\/ostcjknjiznica.splet.arnes.si\/index.php?rest_route=%2Fwp%2Fv2%2Fmedia&parent=69"}],"curies":[{"name":"wp","href":"https:\/\/api.w.org\/{rel}","templated":true}]}}