{"id":66,"date":"2022-04-08T12:06:37","date_gmt":"2022-04-08T10:06:37","guid":{"rendered":"https:\/\/ostcjknjiznica.splet.arnes.si\/?page_id=66"},"modified":"2023-02-23T11:32:59","modified_gmt":"2023-02-23T10:32:59","slug":"rastem-s-knjigo","status":"publish","type":"page","link":"https:\/\/ostcjknjiznica.splet.arnes.si\/?page_id=66","title":{"rendered":"RASTEM S KNJIGO"},"content":{"rendered":"\n<figure class=\"wp-block-image size-full is-resized\"><img loading=\"lazy\" decoding=\"async\" src=\"https:\/\/ostcjknjiznica.splet.arnes.si\/files\/2023\/02\/rastem.png\" alt=\"\" class=\"wp-image-240\" width=\"565\" height=\"202\" srcset=\"https:\/\/ostcjknjiznica.splet.arnes.si\/files\/2023\/02\/rastem.png 350w, https:\/\/ostcjknjiznica.splet.arnes.si\/files\/2023\/02\/rastem-300x107.png 300w\" sizes=\"auto, (max-width: 565px) 100vw, 565px\" \/><figcaption><em>Vir: https:\/\/www.jakrs.si\/bralna-kultura\/rastem-s-knjigo\/<\/em><\/figcaption><\/figure>\n\n\n\n<p>Rastem s knjigo je nacionalni projekt spodbujanja bralne kulture. Z njim sku\u0161amo motivirati osnovno\u0161olce k branju kvalitetne mladinske literature. Cilji nacionalnega projekta Rastem s knjigo so:<\/p>\n\n\n\n<ul class=\"wp-block-list\"><li>spodbujati dostopnost kakovostnega in izvirnega slovenskega mladinskega leposlovja,&nbsp;<\/li><li>promovirati vrhunske doma\u010de ustvarjalce mladinskega leposlovja,<\/li><li>spodbujati bralno motivacijo \u0161olarjev in njihov obisk splo\u0161nih knji\u017enic,<\/li><li>motivirati zalo\u017enike za ve\u010dje vklju\u010devanje sodobnih slovenskih piscev v zalo\u017eni\u0161ke programe za mladino ter pove\u010devanje dele\u017ea izdanega izvirnega slovenskega mladinskega leposlovja.<\/li><\/ul>\n\n\n\n<p>Projekt je Ministrstvo za kulturo za\u010delo izvajati v \u0161olskem letu 2006\/2007, najprej zgolj za osnovne \u0161ole. Javna agencija za knjigo Republike Slovenije ga je za\u010dela voditi ob ustanovitvi leta 2009. Izvaja se v sodelovanju s splo\u0161nimi knji\u017enicami. Na\u0161a \u0161ola sodeluje z Ob\u010dinsko knji\u017enico Jesenice.&nbsp;V leto\u0161njem \u0161olskem letu se bo projekt predvidoma za\u010del v novembru 2022.<\/p>\n\n\n\n<p>Vsako leto se dogovorimo z Ob\u010dinsko knji\u017enico Jesenice&nbsp; o na\u010dinu vodenja projekta.<\/p>\n\n\n\n<p>Knji\u017eni\u010darka v Ob\u010dinski knji\u017enici Jesenice predstavi u\u010dencem Ob\u010dinsko knji\u017enico, knji\u017eni fond, ureditev knji\u017enice, u\u010denci spoznavajo osnove knji\u017eni\u010dno informacijskega znanja, spoznajo sistem Cobiss za izposojo knjig, predstavljene so najnovej\u0161e izdaje mladinskega leposlovja. Vsak u\u010denec prejme v dar knjigo. V leto\u0161njem \u0161olskem letu bo to knjiga Bo\u0161tjana Gorenca in Jake Vukoti\u010da (ilustracije) s pomo\u010djo Kozme Aha\u010di\u010da: Reformatorji v stripu.<\/p>\n\n\n\n<p>V knji\u017enici za\u010deto delo z u\u010denci nadaljujemo z aktivnostmi v \u0161olski knji\u017enici in v razredu (predstavitev avtorja in dela, predstavitev in ureditev \u0161olske knji\u017enice, knji\u017eni\u010dnega gradiva in ravnanja z njim, re\u0161evanje delovnih listi\u010dev, vezano na projekt).<\/p>\n","protected":false},"excerpt":{"rendered":"<p>Rastem s knjigo je nacionalni projekt spodbujanja bralne kulture. Z njim sku\u0161amo motivirati osnovno\u0161olce k branju kvalitetne mladinske literature. Cilji nacionalnega projekta Rastem s knjigo so: spodbujati dostopnost kakovostnega in izvirnega slovenskega mladinskega leposlovja,&nbsp; promovirati vrhunske doma\u010de ustvarjalce mladinskega leposlovja, spodbujati bralno motivacijo \u0161olarjev in njihov obisk splo\u0161nih knji\u017enic, motivirati zalo\u017enike za ve\u010dje vklju\u010devanje sodobnih &hellip; <a href=\"https:\/\/ostcjknjiznica.splet.arnes.si\/?page_id=66\" class=\"more-link\">Preberi ve\u010d <span class=\"screen-reader-text\">RASTEM S KNJIGO<\/span> <span class=\"meta-nav\">&rarr;<\/span><\/a><\/p>\n","protected":false},"author":19987,"featured_media":0,"parent":0,"menu_order":0,"comment_status":"closed","ping_status":"closed","template":"","meta":{"footnotes":""},"class_list":["post-66","page","type-page","status-publish","hentry"],"_links":{"self":[{"href":"https:\/\/ostcjknjiznica.splet.arnes.si\/index.php?rest_route=\/wp\/v2\/pages\/66","targetHints":{"allow":["GET"]}}],"collection":[{"href":"https:\/\/ostcjknjiznica.splet.arnes.si\/index.php?rest_route=\/wp\/v2\/pages"}],"about":[{"href":"https:\/\/ostcjknjiznica.splet.arnes.si\/index.php?rest_route=\/wp\/v2\/types\/page"}],"author":[{"embeddable":true,"href":"https:\/\/ostcjknjiznica.splet.arnes.si\/index.php?rest_route=\/wp\/v2\/users\/19987"}],"replies":[{"embeddable":true,"href":"https:\/\/ostcjknjiznica.splet.arnes.si\/index.php?rest_route=%2Fwp%2Fv2%2Fcomments&post=66"}],"version-history":[{"count":3,"href":"https:\/\/ostcjknjiznica.splet.arnes.si\/index.php?rest_route=\/wp\/v2\/pages\/66\/revisions"}],"predecessor-version":[{"id":291,"href":"https:\/\/ostcjknjiznica.splet.arnes.si\/index.php?rest_route=\/wp\/v2\/pages\/66\/revisions\/291"}],"wp:attachment":[{"href":"https:\/\/ostcjknjiznica.splet.arnes.si\/index.php?rest_route=%2Fwp%2Fv2%2Fmedia&parent=66"}],"curies":[{"name":"wp","href":"https:\/\/api.w.org\/{rel}","templated":true}]}}