{"id":63,"date":"2022-04-08T12:06:37","date_gmt":"2022-04-08T10:06:37","guid":{"rendered":"https:\/\/ostcjknjiznica.splet.arnes.si\/?page_id=63"},"modified":"2023-02-22T10:43:30","modified_gmt":"2023-02-22T09:43:30","slug":"koristne-povezave","status":"publish","type":"page","link":"https:\/\/ostcjknjiznica.splet.arnes.si\/?page_id=63","title":{"rendered":"KORISTNE POVEZAVE"},"content":{"rendered":"\n<p><strong>KNJI\u017dNICA KORISTNE POVEZAVE<\/strong><\/p>\n\n\n\n<p>COBISS:&nbsp;<a href=\"http:\/\/cobiss.si\/\">http:\/\/cobiss.si\/<\/a><\/p>\n\n\n\n<p>Narodna univerzitetna knji\u017enica \u2013 NUK \u2013&nbsp;<a href=\"http:\/\/www.nuk.uni-lj.si\/\">http:\/\/www.nuk.uni-lj.si\/<\/a><\/p>\n\n\n\n<p>Digitalna knji\u017enica Slovenije \u2013 DLIB.SI \u2013&nbsp;<a href=\"https:\/\/www.dlib.si\/\">https:\/\/www.dlib.si\/&nbsp;<\/a><\/p>\n\n\n\n<p>EUROPEANA \u2013 digitalna knji\u017enica Evrope &#8211; &nbsp;<a href=\"http:\/\/www.europeana.eu\/portal\/\">http:\/\/www.europeana.eu\/portal\/<\/a><\/p>\n\n\n\n<p>Ob\u010dinska knji\u017enica Jesenice \u2013&nbsp;<a href=\"https:\/\/www.knjiznica-jesenice.si\/\">https:\/\/www.knjiznica-jesenice.si\/<\/a><\/p>\n\n\n\n<p>Mestna knji\u017enica Ljubljana \u2013&nbsp;<a href=\"https:\/\/www.mklj.si\/\">https:\/\/www.mklj.si\/<\/a><\/p>\n\n\n\n<p>Knji\u017eni\u010dni mega kviz \u2013&nbsp;https:\/\/www.megakviz.si\/kviz\/sezona-202021<\/p>\n\n\n\n<p>BRALNA ZNA\u010cKA:&nbsp;<a href=\"http:\/\/www.bralnaznacka.si\/\">http:\/\/www.bralnaznacka.si\/<\/a><strong><\/strong><\/p>\n\n\n\n<p>BUKLA&nbsp;(mese\u010dna revija o novo izdanih knjigah v Sloveniji) &#8211; https:\/\/www.bukla.si\/<\/p>\n\n\n\n<p><strong>REFEREN\u010cNO GRADIVO: SLOVARJI, ENCIKLOPEDIJE<\/strong><\/p>\n\n\n\n<p>BRITANNICA &#8211; <a href=\"http:\/\/www.britannica.com\/\">http:\/\/www.britannica.com\/<\/a><\/p>\n\n\n\n<p>DEDI \u2013 ENCIKLOPEDIJA NARAVNE IN KULTURNE DEDI\u0160\u010cINE NA SLOVENSKEM &#8211; &nbsp;<a href=\"http:\/\/www.dedi.si\/\">http:\/\/www.dedi.si\/<\/a><\/p>\n\n\n\n<p>DIGITALIZIRANA KULTURNA DEDI\u0160\u010cINA SLOVENSKIH POKRAJIN &#8211; &nbsp;<a href=\"http:\/\/www.kamra.si\/\">http:\/\/www.kamra.si\/<\/a><\/p>\n\n\n\n<p>DIGITALNA KNJI\u017dNICA SLOVENIJE \u2013 DLIB.SI \u2013&nbsp;<a href=\"http:\/\/www.dlib.si\/\">http:\/\/www.dlib.si<\/a><\/p>\n\n\n\n<p>SLOVAR SLOVENSKEGA KNJI\u017dNEGA JEZIKA \u2013&nbsp;<a href=\"http:\/\/bos.zrc-sazu.si\/sskj.html\">http:\/\/bos.zrc-sazu.si\/sskj.html<\/a><\/p>\n\n\n\n<p>SLOVARSKE IN BESEDILNE ZBIRKE &#8211;&nbsp;<a href=\"http:\/\/bos.zrc-sazu.si\/\">http:\/\/bos.zrc-sazu.si\/<\/a><\/p>\n\n\n\n<p>SPLETNI SLOVARJI &#8211; <a href=\"http:\/\/evroterm.gov.si\/slovar\/\">http:\/\/evroterm.gov.si\/slovar\/<\/a><strong><\/strong><\/p>\n\n\n\n<p>FRAN&nbsp;\u2013 el. stran s slovarji, pravopisi,\u2026- <a href=\"https:\/\/www.fran.si\/\">https:\/\/www.fran.si\/<\/a><\/p>\n\n\n\n<p>FRAN\u010cEK &#8211; jezikovna svetovalnica za u\u010ditelje sloven\u0161\u010dine in \u0160olski slovar slovenskega jezika &#8211; https:\/\/www.xn--franek-l2a.si\/<\/p>\n\n\n\n<p>WIKIPEDIA &#8211; <a href=\"http:\/\/sl.wikipedia.org\/\">http:\/\/sl.wikipedia.org<\/a><\/p>\n\n\n\n<p>LONELY PLANET &#8211; <a href=\"http:\/\/www.lonelyplanet.com\/\">http:\/\/www.lonelyplanet.com\/<\/a><\/p>\n\n\n\n<p><strong>VAJE<\/strong><\/p>\n\n\n\n<p>BRALNE IGRE, KONCENTRACIJA IN USMERJANJE POZORNOSTI, BRALNO RAZUMEVANJE, VIDNO SLEDENJE IN ZAZNAVANJE &#8211; <a href=\"http:\/\/devetka.net\/\">http:\/\/devetka.net<\/a><\/p>\n\n\n\n<p>BRANJE, PISANJE, PO\u0160TEVANKA\u2026 &#8211;&nbsp;<a href=\"http:\/\/www.zupca.net\/\">http:\/\/www.zupca.net\/<\/a><\/p>\n\n\n\n<p>INTERAKTIVNE VAJE ZA VSA PREDMETNA PODRO\u010cJA &#8211;&nbsp;<a href=\"http:\/\/www2.arnes.si\/~osljjk6\/index.htm\">http:\/\/www2.arnes.si\/~osljjk6\/index.htm<\/a><\/p>\n\n\n\n<p>KAKO SE U\u010cIM? &#8211;&nbsp;<a href=\"http:\/\/www.otroci.org\/\">http:\/\/www.otroci.org\/<\/a><\/p>\n\n\n\n<p>DRU\u0160TVO ZA POMO\u010c OTROKOM IN MLADOSTNIKOM S SPECIFI\u010cNIMI U\u010cNIMI TE\u017dAVAMI &#8211;&nbsp;<a href=\"http:\/\/www.drustvo-bravo.si\/portal\/\">http:\/\/www.drustvo-bravo.si\/portal\/<\/a><\/p>\n\n\n\n<p>ME\u0160ANE DIDAKTI\u010cNE IGRE IN SPLETNE NALOGE ZA VSE PREDMETE &#8211;<a href=\"http:\/\/devetka.net\/\">http:\/\/devetka.net\/<\/a><\/p>\n\n\n\n<p>U\u010cNI LISTI, GRAFOMOTORIKA, SPLETNE VAJE IN IGRE &#8211;&nbsp;<a href=\"http:\/\/www.otroci.org\/\">http:\/\/www.otroci.org\/<\/a><\/p>\n\n\n\n<p><strong>MUZEJI IN GALERIJE V SLOVENIJI<\/strong>:&nbsp;<a href=\"http:\/\/muzeji-galerije.si\/\">http:\/\/http:\/\/muzeji-galerije.si<\/a><\/p>\n","protected":false},"excerpt":{"rendered":"<p>KNJI\u017dNICA KORISTNE POVEZAVE COBISS:&nbsp;http:\/\/cobiss.si\/ Narodna univerzitetna knji\u017enica \u2013 NUK \u2013&nbsp;http:\/\/www.nuk.uni-lj.si\/ Digitalna knji\u017enica Slovenije \u2013 DLIB.SI \u2013&nbsp;https:\/\/www.dlib.si\/&nbsp; EUROPEANA \u2013 digitalna knji\u017enica Evrope &#8211; &nbsp;http:\/\/www.europeana.eu\/portal\/ Ob\u010dinska knji\u017enica Jesenice \u2013&nbsp;https:\/\/www.knjiznica-jesenice.si\/ Mestna knji\u017enica Ljubljana \u2013&nbsp;https:\/\/www.mklj.si\/ Knji\u017eni\u010dni mega kviz \u2013&nbsp;https:\/\/www.megakviz.si\/kviz\/sezona-202021 BRALNA ZNA\u010cKA:&nbsp;http:\/\/www.bralnaznacka.si\/ BUKLA&nbsp;(mese\u010dna revija o novo izdanih knjigah v Sloveniji) &#8211; https:\/\/www.bukla.si\/ REFEREN\u010cNO GRADIVO: SLOVARJI, ENCIKLOPEDIJE BRITANNICA &#8211; http:\/\/www.britannica.com\/ DEDI &hellip; <a href=\"https:\/\/ostcjknjiznica.splet.arnes.si\/?page_id=63\" class=\"more-link\">Preberi ve\u010d <span class=\"screen-reader-text\">KORISTNE POVEZAVE<\/span> <span class=\"meta-nav\">&rarr;<\/span><\/a><\/p>\n","protected":false},"author":19987,"featured_media":0,"parent":0,"menu_order":0,"comment_status":"closed","ping_status":"closed","template":"","meta":{"footnotes":""},"class_list":["post-63","page","type-page","status-publish","hentry"],"_links":{"self":[{"href":"https:\/\/ostcjknjiznica.splet.arnes.si\/index.php?rest_route=\/wp\/v2\/pages\/63","targetHints":{"allow":["GET"]}}],"collection":[{"href":"https:\/\/ostcjknjiznica.splet.arnes.si\/index.php?rest_route=\/wp\/v2\/pages"}],"about":[{"href":"https:\/\/ostcjknjiznica.splet.arnes.si\/index.php?rest_route=\/wp\/v2\/types\/page"}],"author":[{"embeddable":true,"href":"https:\/\/ostcjknjiznica.splet.arnes.si\/index.php?rest_route=\/wp\/v2\/users\/19987"}],"replies":[{"embeddable":true,"href":"https:\/\/ostcjknjiznica.splet.arnes.si\/index.php?rest_route=%2Fwp%2Fv2%2Fcomments&post=63"}],"version-history":[{"count":2,"href":"https:\/\/ostcjknjiznica.splet.arnes.si\/index.php?rest_route=\/wp\/v2\/pages\/63\/revisions"}],"predecessor-version":[{"id":202,"href":"https:\/\/ostcjknjiznica.splet.arnes.si\/index.php?rest_route=\/wp\/v2\/pages\/63\/revisions\/202"}],"wp:attachment":[{"href":"https:\/\/ostcjknjiznica.splet.arnes.si\/index.php?rest_route=%2Fwp%2Fv2%2Fmedia&parent=63"}],"curies":[{"name":"wp","href":"https:\/\/api.w.org\/{rel}","templated":true}]}}