{"id":58,"date":"2022-04-08T12:06:37","date_gmt":"2022-04-08T10:06:37","guid":{"rendered":"https:\/\/ostcjknjiznica.splet.arnes.si\/?page_id=58"},"modified":"2025-06-12T07:24:42","modified_gmt":"2025-06-12T05:24:42","slug":"ucbeniki-in-potrebscine","status":"publish","type":"page","link":"https:\/\/ostcjknjiznica.splet.arnes.si\/?page_id=58","title":{"rendered":"U\u010cBENIKI IN POTREB\u0160\u010cINE"},"content":{"rendered":"\n<p>\u0160olsko leto 2025\/26<\/p>\n\n\n\n<ol class=\"wp-block-list\">\n<li><a href=\"https:\/\/ostcjesenice.splet.arnes.si\/files\/2025\/06\/Seznam_1_razred_25_26.pdf\" target=\"_blank\" rel=\"noreferrer noopener\">razred<\/a><\/li>\n\n\n\n<li><a href=\"https:\/\/ostcjesenice.splet.arnes.si\/files\/2025\/06\/Seznam_2_razred_25_26.pdf\" target=\"_blank\" rel=\"noreferrer noopener\">razred<\/a><\/li>\n\n\n\n<li><a href=\"https:\/\/ostcjesenice.splet.arnes.si\/files\/2025\/06\/Seznam_3_razred_25_26.pdf\" target=\"_blank\" rel=\"noreferrer noopener\">razred<\/a><\/li>\n\n\n\n<li><a href=\"https:\/\/ostcjesenice.splet.arnes.si\/files\/2025\/06\/Seznam_4_razred_25_26.pdf\" target=\"_blank\" rel=\"noreferrer noopener\">razred<\/a><\/li>\n\n\n\n<li><a href=\"https:\/\/ostcjesenice.splet.arnes.si\/files\/2025\/06\/Seznam_5_razred_25_26.pdf\" target=\"_blank\" rel=\"noreferrer noopener\">razred<\/a><\/li>\n\n\n\n<li><a href=\"https:\/\/ostcjesenice.splet.arnes.si\/files\/2025\/06\/Seznam_6_razred_25_26.pdf\" target=\"_blank\" rel=\"noreferrer noopener\">razred<\/a><\/li>\n\n\n\n<li><a href=\"https:\/\/ostcjesenice.splet.arnes.si\/files\/2025\/06\/Seznam_7_razred_25_26.pdf\" target=\"_blank\" rel=\"noreferrer noopener\">razred<\/a><\/li>\n\n\n\n<li><a href=\"https:\/\/ostcjesenice.splet.arnes.si\/files\/2025\/06\/Seznam_8_razred_25_26.pdf\" target=\"_blank\" rel=\"noreferrer noopener\">razred<\/a><\/li>\n\n\n\n<li><a href=\"https:\/\/ostcjesenice.splet.arnes.si\/files\/2025\/06\/Seznam_9_razred_25_26.pdf\" target=\"_blank\" rel=\"noreferrer noopener\">razred<\/a><\/li>\n<\/ol>\n","protected":false},"excerpt":{"rendered":"<p>\u0160olsko leto 2025\/26<\/p>\n","protected":false},"author":6054,"featured_media":0,"parent":0,"menu_order":0,"comment_status":"closed","ping_status":"closed","template":"","meta":{"footnotes":""},"class_list":["post-58","page","type-page","status-publish","hentry"],"_links":{"self":[{"href":"https:\/\/ostcjknjiznica.splet.arnes.si\/index.php?rest_route=\/wp\/v2\/pages\/58","targetHints":{"allow":["GET"]}}],"collection":[{"href":"https:\/\/ostcjknjiznica.splet.arnes.si\/index.php?rest_route=\/wp\/v2\/pages"}],"about":[{"href":"https:\/\/ostcjknjiznica.splet.arnes.si\/index.php?rest_route=\/wp\/v2\/types\/page"}],"author":[{"embeddable":true,"href":"https:\/\/ostcjknjiznica.splet.arnes.si\/index.php?rest_route=\/wp\/v2\/users\/6054"}],"replies":[{"embeddable":true,"href":"https:\/\/ostcjknjiznica.splet.arnes.si\/index.php?rest_route=%2Fwp%2Fv2%2Fcomments&post=58"}],"version-history":[{"count":15,"href":"https:\/\/ostcjknjiznica.splet.arnes.si\/index.php?rest_route=\/wp\/v2\/pages\/58\/revisions"}],"predecessor-version":[{"id":383,"href":"https:\/\/ostcjknjiznica.splet.arnes.si\/index.php?rest_route=\/wp\/v2\/pages\/58\/revisions\/383"}],"wp:attachment":[{"href":"https:\/\/ostcjknjiznica.splet.arnes.si\/index.php?rest_route=%2Fwp%2Fv2%2Fmedia&parent=58"}],"curies":[{"name":"wp","href":"https:\/\/api.w.org\/{rel}","templated":true}]}}