{"id":36,"date":"2022-04-08T10:49:41","date_gmt":"2022-04-08T08:49:41","guid":{"rendered":"https:\/\/ostcjknjiznica.splet.arnes.si\/?page_id=36"},"modified":"2023-02-22T09:26:43","modified_gmt":"2023-02-22T08:26:43","slug":"knjiznicno-inf-znanja","status":"publish","type":"page","link":"https:\/\/ostcjknjiznica.splet.arnes.si\/?page_id=36","title":{"rendered":"KNJI\u017dNI\u010cNO INFORMACIJSKA ZNANJA"},"content":{"rendered":"\n<p>U\u010dni na\u010drt za O\u0160 predvideva izvedbo KIZ najmanj 4 pedago\u0161kih ur letno za vsak oddelek.<\/p>\n\n\n\n<h2 class=\"wp-block-heading\">CILJI KIZ-a<\/h2>\n\n\n\n<p>Cilji in vsebine knji\u017eni\u010dno informacijskih znanj (KIZ) izhajajo iz temeljnih ciljev vzgojno-izobra\u017eevalnega dela. Znanja, sposobnosti in spretnosti, ki jih u\u010denec razvije v okviru KIZ v osnovni \u0161oli za vse\u017eivljenjsko u\u010denje, omogo\u010dajo in spodbujajo aktivno pridobivanje kvalitetnega znanja na razli\u010dnih podro\u010djih, kriti\u010dno in ustvarjalno razmi\u0161ljanje, izra\u017eanje \u010dustev, misli in zaznav.<\/p>\n\n\n\n<p>KIZ zajemajo vse elemente informacijske pismenosti s poudarkom na uporabi knji\u017enice in z njeno pomo\u010djo dosegljivih informacij. Informacijska pismenost je sposobnost pridobiti, vrednotiti in uporabiti informacije iz razli\u010dnih virov. Je raz\u0161irjen koncept tradicionalne pismenosti, ker se ve\u017ee na uporabo kateregakoli sistema znakov in vklju\u010duje razumevanje in ustvarjalno rabo informacij, posredovanih tudi s sodobno tehnologijo, sodobnimi ra\u010dunalni\u0161kimi in komunikacijskimi viri.<\/p>\n\n\n\n<p>Cilji in vsebine zajemajo obdobje od 1. do 9. razreda osnovne \u0161ole. Njihovemu izvajanju so namenjene po \u0161tiri pedago\u0161ke ure letno v vsakem oddelku, kar pomeni 36 pedago\u0161kih ur v devetih letih \u0161olanja za posamezen oddelek. Vsebine in cilji tematskih sklopov se postopno nadgrajujejo.<\/p>\n\n\n\n<p>Knji\u017eni\u010dna informacijska znanja izvajajo strokovni knji\u017eni\u010dni delavci skupaj z u\u010ditelji drugih predmetnih podro\u010dij. Na\u010drtovanje in izvedba potekata skupaj na na\u010din medpredmetnega povezovanja.<\/p>\n\n\n\n<p><strong>Splo\u0161ni cilji<\/strong><strong><\/strong><\/p>\n\n\n\n<p>U\u010denci razvijajo sposobnosti in ve\u0161\u010dine za samostojno uporabo knji\u017enice in informacijskih virov. Spoznavajo in uporabljajo:<\/p>\n\n\n\n<ul class=\"wp-block-list\"><li>strategije pridobivanja informacij in razre\u0161evanja problema,<\/li><li>tiskane in netiskane publikacije, njihove zna\u010dilnosti in namen,<\/li><li>lokacije informacij (mo\u017enosti teko\u010dega informiranja o publikacijah, mo\u017enosti za teko\u010de seznanjanje z novostmi v skladu z interesi \u2013 knji\u017enice \u2013 posebne informacijske slu\u017ebe),<\/li><li>organizacijo informacij, vire za splo\u0161no, specialno in teko\u010de informiranje (referen\u010dna literatura, tudi periodika, katalogi, sistemi za iskanje informacij v elektronskih podatkovnih zbirkah),<\/li><li>informacijsko tehnologijo kot pomembno orodje.<\/li><\/ul>\n\n\n\n<p><strong>Klju\u010dne kompetence<\/strong><\/p>\n\n\n\n<p>\u0160olska knji\u017enica s svojimi storitvami in programom Knji\u017eni\u010dno informacijsko znanje pri u\u010dencih razvija kompetence na treh klju\u010dnih podro\u010djih: branje, informacijska pismenost in u\u010denje in jim pomaga dosegati postavljene cilje.<\/p>\n\n\n\n<p><strong><em>Branje<br><\/em><\/strong>U\u010denci vseh starosti in sposobnosti napredujejo v razvijanju bralne sposobnosti, razvijajo bralne strategije, navade in razumejo ter sprejemajo pomen branja leposlovja, informativnih in strokovnih vsebin.<\/p>\n\n\n\n<p>Ob koncu \u0161olanja u\u010denci:<\/p>\n\n\n\n<ul class=\"wp-block-list\"><li>samostojno tvorijo pisna in govorna besedila in upo\u0161tevajo pravopisna oz. pravore\u010dna pravila,<\/li><li>iz prebranega oz. poslu\u0161anega besedila povzamejo bistvo in kriti\u010dno presojajo sporo\u010dilo,<\/li><li>teko\u010de berejo glasno in tiho ter prilagajajo hitrost branja zahtevam besedila,<\/li><li>izberejo in uporabljajo primerno bralno in pisno strategijo,<\/li><li>prebrano znajo uporabiti v razli\u010dnih okoli\u0161\u010dinah,<\/li><li>samostojno izbirajo in uporabljajo knji\u017eni\u010dno gradivo in druge informacijske vire.<\/li><\/ul>\n\n\n\n<p><strong><em>Informacijska pismenost<br><\/em><\/strong>Ob zaklju\u010dku \u0161olanja so u\u010denci usposobljeni za opredeljevanje informacijskih problemov:<\/p>\n\n\n\n<ul class=\"wp-block-list\"><li>pridobivanje, ovrednotenje in uporabo informacij za njihovo razre\u0161itev:<\/li><li>zaznajo problem,<\/li><li>znajo opredeliti problem,<\/li><li>poznajo mo\u017ene informacijske vire in znajo izbrati primerne,<\/li><li>uspe\u0161no pridobijo primerne vrste informacijskih virov,<\/li><li>kriti\u010dno ovrednotijo pridobljene informacije,<\/li><li>u\u010dinkovito in ustvarjalno uporabijo informacije,<\/li><li>razumejo gospodarski, kulturni, zakonski in dru\u017ebeni pomen informacij, jih sprejemajo kot temelj vse\u017eivljenjskega u\u010denja in jih uporabljajo eti\u010dno in zakonito.<\/li><\/ul>\n\n\n\n<p><strong><em>U\u010denje<br><\/em><\/strong>U\u010denci znajo uporabljati informacijski proces pri u\u010denju, znajo uporabljati informacijske vire razli\u010dnih oblik za pridobivanje idej, za samostojno u\u010denje in znajo izbrati primerno strategijo za obvladovanje virov v skladu z namenom in naravo u\u010dnega problema. Znajo:<\/p>\n\n\n\n<ul class=\"wp-block-list\"><li>umestiti svoj predmet raziskovanja v strokovno podro\u010dje, dolo\u010diti medpredmetne povezave in izhodi\u0161\u010de obravnave,<\/li><li>izbrati primerne vrste in koli\u010dino informacijskih virov za re\u0161itev raziskovalnega, u\u010dnega problema,<\/li><li>uporabljati sekundarne vire,<\/li><li>izbrati primerne bralne strategije za pridobivanje informacij,<\/li><li>izbrati in uporabljati neknji\u017eno gradivo, tudi elektronske vire,<\/li><li>uporabiti primerne tehnike u\u010denja s tiskanimi in drugimi viri,<\/li><li>izbrati primerno obliko predstavitve re\u0161itve problema,<\/li><li>ovrednotiti svoje delo in dose\u017eek.<\/li><\/ul>\n\n\n\n<p><strong>SPLO\u0160NI CILJI PO TRILETJIH<\/strong><\/p>\n\n\n\n<ol class=\"wp-block-list\"><li>triletje<\/li><\/ol>\n\n\n\n<p>V prvem VIO u\u010denec pridobiva prve samostojne izku\u0161nje o \u0161olski knji\u017enici.<br>Spozna namen in vlogo knji\u017enice.<br>Osvoji knji\u017eni\u010dni prostor, spozna ureditev knji\u017enice in jo dojema kot demokrati\u010dni prostor.<br>Zna uporabljati osnovne storitve v knji\u017enici.<br>Pozna postopke samostojne izposoje in vra\u010danja gradiva.<br>Uporablja starostni stopnji ustrezno zbirko leposlovnega in pou\u010dnega knji\u017eni\u010dnega gradiva, lo\u010di knji\u017eno gradivo od neknji\u017enega.<br>Pozna osnovne elemente za opredelitev in izbiro informacijskega vira.<br>Spozna splo\u0161no knji\u017enico.<br>Sodeluje v razli\u010dnih oblikah aktivnosti za razvijanje branja in bralne kulture.<\/p>\n\n\n\n<p>        2. triletje<\/p>\n\n\n\n<p>V drugem triletju u\u010denec nadgrajuje pridobljeno znanje in \u0161iri mo\u017enost uporabe virov. Lo\u010duje posamezne vrste knji\u017eni\u010dnega gradiva po namembnosti. Spozna nastanek vira od ustvarjalca do uporabnika. Seznani se s fizi\u010dnimi deli knjige in drugih virov, pozna osnovne bibliografske podatke za samostojno poizvedovanje po gradivu. Spoznava lokacije informacij, osnovne sekundarne informacijske vire in jih zna uporabljati obliki, vsebini in namembnosti primerno. Spozna organizacijo informacij v katalogu in ga uporablja za osnovno informiranje o izbiri in dostopnosti virov. Aktivno se vklju\u010duje v oblike kriti\u010dnega, ustvarjalnega branja in namenske uporabe virov. <strong>&nbsp;<\/strong><\/p>\n\n\n\n<p>         3. triletje<\/p>\n\n\n\n<p>V zadnjem triletju u\u010denec spoznava vlogo in pomen informacij za u\u010denje, osebnostno rast in delovanje v dru\u017ebi. Pozna zna\u010dilnosti pojmov podatek in informacija. Pozna vire za splo\u0161no, specialno in teko\u010de informiranje in razume izbor iskalne strategije. Raz\u0161irja vedenje o dostopnosti in organizaciji informacij v knji\u017eni\u010dnem sistemu in zunaj njega in pozna elemente za kriti\u010dno presojo lokacije informacij. Uporablja bibliografske in druge (elektronske) zbirke podatkov. Zna izbrati vire za raziskovalne, informacijske, u\u010dne in sprostitvene namene. Vire uporablja eti\u010dno in zakonito (citira in navaja reference) in zmore ovrednotiti svoje delo. <strong>&nbsp;<\/strong><\/p>\n","protected":false},"excerpt":{"rendered":"<p>U\u010dni na\u010drt za O\u0160 predvideva izvedbo KIZ najmanj 4 pedago\u0161kih ur letno za vsak oddelek. CILJI KIZ-a Cilji in vsebine knji\u017eni\u010dno informacijskih znanj (KIZ) izhajajo iz temeljnih ciljev vzgojno-izobra\u017eevalnega dela. Znanja, sposobnosti in spretnosti, ki jih u\u010denec razvije v okviru KIZ v osnovni \u0161oli za vse\u017eivljenjsko u\u010denje, omogo\u010dajo in spodbujajo aktivno pridobivanje kvalitetnega znanja na &hellip; <a href=\"https:\/\/ostcjknjiznica.splet.arnes.si\/?page_id=36\" class=\"more-link\">Preberi ve\u010d <span class=\"screen-reader-text\">KNJI\u017dNI\u010cNO INFORMACIJSKA ZNANJA<\/span> <span class=\"meta-nav\">&rarr;<\/span><\/a><\/p>\n","protected":false},"author":19987,"featured_media":0,"parent":0,"menu_order":0,"comment_status":"closed","ping_status":"closed","template":"","meta":{"footnotes":""},"class_list":["post-36","page","type-page","status-publish","hentry"],"_links":{"self":[{"href":"https:\/\/ostcjknjiznica.splet.arnes.si\/index.php?rest_route=\/wp\/v2\/pages\/36","targetHints":{"allow":["GET"]}}],"collection":[{"href":"https:\/\/ostcjknjiznica.splet.arnes.si\/index.php?rest_route=\/wp\/v2\/pages"}],"about":[{"href":"https:\/\/ostcjknjiznica.splet.arnes.si\/index.php?rest_route=\/wp\/v2\/types\/page"}],"author":[{"embeddable":true,"href":"https:\/\/ostcjknjiznica.splet.arnes.si\/index.php?rest_route=\/wp\/v2\/users\/19987"}],"replies":[{"embeddable":true,"href":"https:\/\/ostcjknjiznica.splet.arnes.si\/index.php?rest_route=%2Fwp%2Fv2%2Fcomments&post=36"}],"version-history":[{"count":3,"href":"https:\/\/ostcjknjiznica.splet.arnes.si\/index.php?rest_route=\/wp\/v2\/pages\/36\/revisions"}],"predecessor-version":[{"id":191,"href":"https:\/\/ostcjknjiznica.splet.arnes.si\/index.php?rest_route=\/wp\/v2\/pages\/36\/revisions\/191"}],"wp:attachment":[{"href":"https:\/\/ostcjknjiznica.splet.arnes.si\/index.php?rest_route=%2Fwp%2Fv2%2Fmedia&parent=36"}],"curies":[{"name":"wp","href":"https:\/\/api.w.org\/{rel}","templated":true}]}}