{"id":33,"date":"2022-04-08T10:49:41","date_gmt":"2022-04-08T08:49:41","guid":{"rendered":"https:\/\/ostcjknjiznica.splet.arnes.si\/?page_id=33"},"modified":"2023-02-22T11:58:03","modified_gmt":"2023-02-22T10:58:03","slug":"cobbis-katalog","status":"publish","type":"page","link":"https:\/\/ostcjknjiznica.splet.arnes.si\/?page_id=33","title":{"rendered":"KATALOG COBISS+"},"content":{"rendered":"\n<p><a rel=\"noreferrer noopener\" href=\"https:\/\/plus.cobiss.net\/cobiss\/si\/sl\/bib\/search\" target=\"_blank\"><strong>Cobiss+<\/strong> <\/a>omogo\u010da iskanje gradiva v vseh slovenskih knji\u017enicah (v splo\u0161nih, \u0161olskih \u2026)<\/p>\n\n\n\n<p>Pod <em>Iskalni niz<\/em> lahko vpi\u0161ete naslov knjige ali avtorja ali zbirko ali klju\u010dne besede \u2026<br>V polje Knji\u017enice vpi\u0161ete lahko kratico na\u0161e knji\u017enice: OSTCJ ali pa katerokoli drugo slovensko knji\u017enico (lahko tudi samo del besede npr. Jesenice, Radovljica, Hru\u0161ica&#8230;) <\/p>\n\n\n\n<p><\/p>\n","protected":false},"excerpt":{"rendered":"<p>Cobiss+ omogo\u010da iskanje gradiva v vseh slovenskih knji\u017enicah (v splo\u0161nih, \u0161olskih \u2026) Pod Iskalni niz lahko vpi\u0161ete naslov knjige ali avtorja ali zbirko ali klju\u010dne besede \u2026V polje Knji\u017enice vpi\u0161ete lahko kratico na\u0161e knji\u017enice: OSTCJ ali pa katerokoli drugo slovensko knji\u017enico (lahko tudi samo del besede npr. Jesenice, Radovljica, Hru\u0161ica&#8230;)<\/p>\n","protected":false},"author":19987,"featured_media":0,"parent":0,"menu_order":0,"comment_status":"closed","ping_status":"closed","template":"","meta":{"footnotes":""},"class_list":["post-33","page","type-page","status-publish","hentry"],"_links":{"self":[{"href":"https:\/\/ostcjknjiznica.splet.arnes.si\/index.php?rest_route=\/wp\/v2\/pages\/33","targetHints":{"allow":["GET"]}}],"collection":[{"href":"https:\/\/ostcjknjiznica.splet.arnes.si\/index.php?rest_route=\/wp\/v2\/pages"}],"about":[{"href":"https:\/\/ostcjknjiznica.splet.arnes.si\/index.php?rest_route=\/wp\/v2\/types\/page"}],"author":[{"embeddable":true,"href":"https:\/\/ostcjknjiznica.splet.arnes.si\/index.php?rest_route=\/wp\/v2\/users\/19987"}],"replies":[{"embeddable":true,"href":"https:\/\/ostcjknjiznica.splet.arnes.si\/index.php?rest_route=%2Fwp%2Fv2%2Fcomments&post=33"}],"version-history":[{"count":5,"href":"https:\/\/ostcjknjiznica.splet.arnes.si\/index.php?rest_route=\/wp\/v2\/pages\/33\/revisions"}],"predecessor-version":[{"id":217,"href":"https:\/\/ostcjknjiznica.splet.arnes.si\/index.php?rest_route=\/wp\/v2\/pages\/33\/revisions\/217"}],"wp:attachment":[{"href":"https:\/\/ostcjknjiznica.splet.arnes.si\/index.php?rest_route=%2Fwp%2Fv2%2Fmedia&parent=33"}],"curies":[{"name":"wp","href":"https:\/\/api.w.org\/{rel}","templated":true}]}}