{"id":32,"date":"2022-04-08T10:49:41","date_gmt":"2022-04-08T08:49:41","guid":{"rendered":"https:\/\/ostcjknjiznica.splet.arnes.si\/?page_id=32"},"modified":"2023-02-22T08:55:20","modified_gmt":"2023-02-22T07:55:20","slug":"knjiznicni-red","status":"publish","type":"page","link":"https:\/\/ostcjknjiznica.splet.arnes.si\/?page_id=32","title":{"rendered":"KNJI\u017dNI\u010cNI RED"},"content":{"rendered":"\n<p><strong>KNJI\u017dNI\u010cNI RED<\/strong><\/p>\n\n\n\n<p><strong>Osnovne \u0161ole Toneta \u010cufarja Jesenice<\/strong><\/p>\n\n\n\n<p><strong>1. \u010dlen<br>Splo\u0161ne dolo\u010dbe<\/strong><\/p>\n\n\n\n<p>Knji\u017eni\u010dni red ureja odnose med \u0161olsko knji\u017enico O\u0160 Toneta \u010cufarja Jesenice in njenimi \u010dlani kot uporabniki njenih storitev. Dolo\u010da etiko poslovanja, pravice in dol\u017enosti knji\u017enice, uporabnikov in \u010dlanov knji\u017enice, dostopnost in pogoje uporabe knji\u017enice, \u010dasovne in druge omejitve pri izposoji gradiva, storitvah in uporabi knji\u017enice.<\/p>\n\n\n\n<p>Ta knji\u017eni\u010dni red je sestavni del Hi\u0161nega reda, Pravil \u0161olskega reda \u0161ole in Vzgojnega na\u010drta &nbsp;\u0161ole.<\/p>\n\n\n\n<p><strong>2. \u010dlen&nbsp;<br>Poslanstvo in uporabniki \u0161olske knji\u017enice<\/strong><\/p>\n\n\n\n<p>V skladu z veljavno zakonodajo (Zakon o knji\u017eni\u010darstvu, Zakon o spremembah in dopolnitvah ZKnj, Pravilnik o pogojih za izvajanje knji\u017eni\u010dne dejavnosti kot javne slu\u017ebe, Eti\u010dni kodeks slovenskih knji\u017eni\u010darjev) \u0161olska knji\u017enica izvaja naslednje dejavnosti in storitve in tako podpira izobra\u017eevalni proces ter v njem sodeluje tako, da:<\/p>\n\n\n\n<ul class=\"wp-block-list\"><li>zbira, obdeluje, hrani in posreduje gradivo,<\/li><li>svojim uporabnikom zagotavlja dostop do knji\u017eni\u010dnega gradiva in drugih e-virov,<\/li><li>izdeluje knji\u017eni\u010dni katalog,<\/li><li>izvaja usposabljanje uporabnikov za uporabo knji\u017enice in za ustrezno rabo gradiva (KIZ: iskanje gradiva, avtorstvo, citiranje, oblikovanje seznama literature \u2026),<\/li><li>pomaga pri iskanju gradiva in informacij,<\/li><li>z ustrezno opremo omogo\u010da dostop do svetovnega spleta,<\/li><li>sodeluje v medknji\u017eni\u010dni izposoji,<\/li><li>prireja in organizira kulturne prireditve in razstave,<\/li><li>uporabnike informira o knji\u017enih novostih,<\/li><li>na razli\u010dne na\u010dine si prizadeva za spodbujanje branja (projekti, dejavnosti,\u2026),<\/li><li>s strokovnimi delavci sodeluje pri izvajanju izobra\u017eevalnih procesov in pri razvijanju bralne pismenosti.<\/li><\/ul>\n\n\n\n<p><strong>3. \u010dlen&nbsp;<br>Knji\u017eni\u010dna zbirka<\/strong><\/p>\n\n\n\n<p>Knji\u017enica glede na u\u010dne na\u010drte posameznih predmetov zagotavlja ustrezen izbor (leposlovje, strokovno, tujejezi\u010dno, referen\u010dno gradivo, publikacije \u0161ole, serijske publikacije, neknji\u017eno gradivo) in organiziranost gradiva (UDK).<\/p>\n\n\n\n<p><strong>4. \u010dlen&nbsp;<br>Katalog<\/strong><\/p>\n\n\n\n<p>Katalog \u0161olske knji\u017enice je dostopen v nacionalnem vzajemnem bibliografskem sistemu COBISS in na spletni strani \u0161ole v rubriki KNJI\u017dNICA \u2013 KATALOG COBISS.<\/p>\n\n\n\n<p><strong>5. \u010dlen<br>\u010clanstvo&nbsp;<\/strong><\/p>\n\n\n\n<p>\u0160olska knji\u017enica je namenjena u\u010denkam in u\u010dencem \u0161ole (v nadaljevanju: u\u010denci), delavcem &nbsp;\u0161ole ter po potrebi tudi zunanjim uporabnikom (npr. star\u0161em u\u010dencev \u0161ole, biv\u0161im u\u010dencem, &nbsp;biv\u0161im u\u010diteljem). Vpisnine in \u010dlanarine ni.<\/p>\n\n\n\n<p>Vsak u\u010denec z vpisom v \u0161olo postane tudi \u010dlan \u0161olske knji\u017enice. Ob vpisu dobi svojo izkaznico. Izkaznico varuje in uporablja vsa leta&nbsp;\u0161olanja.<\/p>\n\n\n\n<p><strong>4. \u010dlen<br>Poslovni \u010das \u0161olske knji\u017enice<\/strong><\/p>\n\n\n\n<p>\u0160olska knji\u017enica je za izposojo gradiva odprta od ponedeljka do petka.<\/p>\n\n\n\n<p>V \u010dasu po\u010ditnic je knji\u017enica za izposojo zaprta.<\/p>\n\n\n\n<p>V za\u010detku \u0161olskega leta &nbsp;se urnik izposoje objavi na vratih knji\u017enice in na \u0161olski spletni strani.&nbsp;<\/p>\n\n\n\n<p>Kadar v knji\u017enici poteka pouk ali druga dejavnost, je knji\u017enica za izposojo zaprta. Prav tako je &nbsp;zaprta v primerih, ko sta knji\u017eni\u010darki odsotni. V \u010dasu, ko je knji\u017enica za uporabnike zaprta, &nbsp;potekajo v njej strokovna obdelava gradiva, obiski zastopnikov zalo\u017eb ter priprava na &nbsp;strokovno podporo pri vseh VIZ dejavnostih.&nbsp;<\/p>\n\n\n\n<p><strong>5. \u010dlen<br>Izposoja knji\u017eni\u010dnega gradiva<\/strong><\/p>\n\n\n\n<p>Uporabnikom \u0161olske knji\u017enice je na voljo razli\u010dno knji\u017eni\u010dno gradivo: leposlovne in pou\u010dne &nbsp;knjige, revije in druge serijske publikacije ter referen\u010dno gradivo (leksikoni, slovarji, priro\u010dniki, &nbsp;enciklopedije, atlasi ipd.).&nbsp;<\/p>\n\n\n\n<p>Knji\u017eni\u010dno gradivo si uporabniki \u0161olske knji\u017enice lahko izposodijo za 14 dni z mo\u017enostjo &nbsp;podalj\u0161anja pred pretekom izposoje. Referen\u010dno gradivo in &nbsp;dragocene oz. redke knjige je mo\u017eno uporabljati le v prostorih \u0161olske knji\u017enice (v \u010ditalnici).<br>Z izjemo zadnje \u0161tevilke revije ali serijske publikacije si lahko uporabniki le-te izposodijo na dom.<\/p>\n\n\n\n<p>V izjemnih primerih so roki za vra\u010danje gradiva&nbsp; prilagojeni potrebam strokovnega dela.<\/p>\n\n\n\n<p>Uporabniki \u0161olske knji\u017enice so dol\u017eni vra\u010dati gradivo v roku. Zamujenega gradiva in knjig za &nbsp;doma\u010de branje ter bralno zna\u010dko ni mo\u017eno podalj\u0161ati.<\/p>\n\n\n\n<p>Zamudnin ne zara\u010dunavamo.<\/p>\n\n\n\n<p>Izposojanje gradiva ni mo\u017eno, \u010de uporabnik \u0161olske knji\u017enice \u0161e ni vrnil gradiva, ki mu je &nbsp;pretekel rok izposoje ali \u010de ni poravnal vseh obveznosti do \u0161olske knji\u017enice.&nbsp;&nbsp;<\/p>\n\n\n\n<p>\u010ce u\u010denec dlje \u010dasa ni vrnil izposojenega gradiva, se ga na to opozori. Zamujeno gradivo mora vrniti \u010dim prej, najkasneje pa v roku 5 dni. \u010ce u\u010denec \u0161e &nbsp;vedno ne vrne izposojenega gradiva, se o tem obvesti u\u010den\u010deve star\u0161e, ki so dol\u017eni &nbsp;poskrbeti, da u\u010denec takoj vrne izposojeno gradivo v \u0161olsko knji\u017enico.&nbsp;<\/p>\n\n\n\n<p>Ob koncu \u0161olskega leta morajo u\u010denci izposojeno gradivo vrniti v \u0161olsko knji\u017enico. U\u010denci 9. razreda morajo izposojeno gradivo vrniti najkasneje do 5. junija teko\u010dega \u0161olskega leta, u\u010denci od 1. do 8. razreda morajo izposojeno gradivo vrniti najkasneje do 15. junija teko\u010dega &nbsp;\u0161olskega leta.&nbsp;<\/p>\n\n\n\n<p><strong>6. \u010dlen&nbsp;<br>Medknji\u017eni\u010dna izposoja<\/strong><\/p>\n\n\n\n<p>V dogovoru s knji\u017eni\u010darko se lahko zaprosi za medknji\u017eni\u010dno izposojo. Stro\u0161ke, ki jih knji\u017enica, &nbsp;ki gradivo izposoja, zara\u010dunava, poravna uporabnik, ki je medknji\u017eni\u010dno izposojo naro\u010dil. Za potrebe pouka in \u0161olskih dejavnosti medknji\u017eni\u010dno izposojo poravna \u0161ola.<\/p>\n\n\n\n<p><strong>7. \u010dlen&nbsp;<br>Odnos do knji\u017eni\u010dnega gradiva<\/strong><\/p>\n\n\n\n<p>S knji\u017eni\u010dnim gradivom morajo uporabniki ravnati skrbno. Prepovedane so vse oblike &nbsp;ravnanja s knji\u017eni\u010dnim gradivom, zaradi katerih se le-to po\u0161koduje ali uni\u010di (npr. me\u010dkanje, &nbsp;trganje, pod\u010drtavanje besedil, barvanje, pisanje po gradivu ipd.).&nbsp;<\/p>\n\n\n\n<p>Po\u0161kodovano, izgubljeno in uni\u010deno knji\u017eni\u010dno gradivo mora uporabnik nadomestiti z novim &nbsp;ali vsebinsko enakovrednim gradivom v dogovoru s knji\u017eni\u010darko oz. mora poravnati &nbsp;stro\u0161ke nakupa nadomestnega gradiva. Ko uporabnik poravna vse obveznosti do knji\u017enice, si lahko gradivo iz knji\u017enice nadalje izposoja.&nbsp;<\/p>\n\n\n\n<p><strong>8. \u010dlen<br>Vedenje v prostorih knji\u017enice&nbsp;<\/strong><\/p>\n\n\n\n<p>Uporabniki v knji\u017enico vstopajo tiho, pozdravijo in ne motijo drugih.&nbsp;<\/p>\n\n\n\n<p>Knjige oziroma knji\u017eni\u010dno gradivo, ki ga uporabnik vra\u010da, odlo\u017ei na knji\u017eni\u010dni pult.<\/p>\n\n\n\n<p>Uporabnik v miru in ti\u0161ini&nbsp; poi\u0161\u010de knjige in knji\u017eni\u010dno gradivo, ki si ga \u017eeli izposoditi. &nbsp;Pri iskanju si lahko pomaga z ra\u010dunalnikom&nbsp;ali pa vpra\u0161a za pomo\u010d in nasvet knji\u017eni\u010darko.<\/p>\n\n\n\n<p>Knjige oziroma knji\u017eni\u010dno gradivo, ki si ga uporabnik \u017eeli izposoditi, odda knji\u017eni\u010darki, da ga ra\u010dunalni\u0161ko izposodi. Iz \u0161olske knji\u017enice ni dovoljeno odna\u0161anje knji\u017eni\u010dnega gradiva brez izposoje.<\/p>\n\n\n\n<p>Za izposojeno gradivo je odgovoren vsak uporabnik sam, zato naj ga ne posoja drugim.&nbsp;&nbsp;&nbsp;&nbsp;&nbsp;&nbsp;<\/p>\n\n\n\n<p>Uporabniki v knji\u017enici berejo knjige in revije, izbirajo in izposojajo si knji\u017eni\u010dno gradivo, pi\u0161ejo &nbsp;referate in seminarske naloge, se u\u010dijo, pi\u0161ejo doma\u010de naloge, se tiho pogovarjajo s prijatelji, &nbsp;re\u0161ujejo uganke in kvize, pomagajo mlaj\u0161im u\u010dencem, uporabljajo knji\u017eni\u010dni ra\u010dunalnik in &nbsp;opravljajo druge naloge, ki so v skladu z delovanjem \u0161olske knji\u017enice.&nbsp;<\/p>\n\n\n\n<p>V \u0161olski knji\u017enici ni dovoljeno jesti ali piti oz. vanjo prina\u0161ati hrane ali pija\u010de.&nbsp;<\/p>\n\n\n\n<p>V \u0161olski knji\u017enici ni dovoljena uporaba elektronskih naprav (npr. mobilnega telefona in drugih &nbsp;avdiovizualnih naprav), izjema je uporaba za potrebe pouka.&nbsp;<\/p>\n\n\n\n<p>Uporabnik, ki kljub opozorilu knji\u017eni\u010dark ali drugega delavca \u0161ole ne upo\u0161teva pravil vedenja in knji\u017eni\u010dnega reda, mora zapustiti knji\u017enico. \u010ce pravil vedenja in knji\u017eni\u010dnega reda u\u010denec ne upo\u0161teva, knji\u017eni\u010darka o tem obvesti razrednika in postopa skladno z &nbsp;Vzgojnim na\u010drtom &nbsp;in Pravili \u0161olskega reda.&nbsp;<\/p>\n\n\n\n<p><strong>9. \u010dlen<br>Informacijsko komunikacijska oprema<\/strong><\/p>\n\n\n\n<p>Knji\u017eni\u010dna ra\u010dunalni\u0161ka oprema je na voljo vsem uporabnikom knji\u017enice. Pred njeno uporabo se je &nbsp;potrebno dogovoriti s knji\u017eni\u010darko.&nbsp;&nbsp;Zabele\u017eiti je potrebno ime, priimek ter razred uporabnika ter namen, za katerega se uporablja ra\u010dunalnik. Informacijsko komunikacijska oprema knji\u017eni\u010darke ni na voljo \u010dlanom knji\u017enice.<\/p>\n\n\n\n<p>Knji\u017eni\u010dni ra\u010dunalniki se uporabljajo za:<\/p>\n\n\n\n<ul class=\"wp-block-list\"><li>iskanje gradiva po katalogih na spletu, predvsem po katalogu COBISS,<ul><li>pisanje in oblikovanje besedil za pouk,&nbsp;<\/li><\/ul><ul><li>iskanje informacij prek interneta za potrebe pouka in ostalih dejavnosti v okviru \u0161ole.<br><br>Na ra\u010dunalniku je prepovedano:&nbsp;<\/li><\/ul><ul><li>igranje igric,&nbsp;<\/li><\/ul><ul><li>uporaba internetnih klepetalnic, socialnih omre\u017eij, forumov in ostalih komunikacijskih &nbsp;sredstev, namenjenih zabavi,&nbsp;<\/li><\/ul><ul><li>obiskovanje spornih spletnih strani (npr. strani z moralno ali dru\u017ebeno neprimerno &nbsp;vsebino),<\/li><\/ul><ul><li>vna\u0161anje osebnih podatkov in spreminjanje ra\u010dunalni\u0161kih nastavitev,<\/li><\/ul><ul><li>brisanje datotek,<\/li><\/ul><ul><li>spletno nakupovanje,&nbsp;<\/li><\/ul><ul><li>uni\u010devanje katerega koli dela pripadajo\u010de strojne opreme; uporabnik je materialno odgovoren, \u010de zaradi neustrezne rabe pride do po\u0161kodb kakr\u0161nega koli knji\u017eni\u010dnega &nbsp;inventarja.&nbsp;<\/li><\/ul><\/li><\/ul>\n\n\n\n<p><strong>10. \u010dlen<br>Kon\u010dne dolo\u010dbe<\/strong><\/p>\n\n\n\n<p>Knji\u017eni\u010dni red se za\u010dne uporabljati z dnem sprejetja na seji Sveta \u0161ole.&nbsp;<\/p>\n\n\n\n<p>Knji\u017eni\u010darka: Katja Svetlin Pi\u0161\u010danec<\/p>\n\n\n\n<p>Ravnatelj: Gaber Klinar<\/p>\n","protected":false},"excerpt":{"rendered":"<p>KNJI\u017dNI\u010cNI RED Osnovne \u0161ole Toneta \u010cufarja Jesenice 1. \u010dlenSplo\u0161ne dolo\u010dbe Knji\u017eni\u010dni red ureja odnose med \u0161olsko knji\u017enico O\u0160 Toneta \u010cufarja Jesenice in njenimi \u010dlani kot uporabniki njenih storitev. Dolo\u010da etiko poslovanja, pravice in dol\u017enosti knji\u017enice, uporabnikov in \u010dlanov knji\u017enice, dostopnost in pogoje uporabe knji\u017enice, \u010dasovne in druge omejitve pri izposoji gradiva, storitvah in uporabi knji\u017enice. &hellip; <a href=\"https:\/\/ostcjknjiznica.splet.arnes.si\/?page_id=32\" class=\"more-link\">Preberi ve\u010d <span class=\"screen-reader-text\">KNJI\u017dNI\u010cNI RED<\/span> <span class=\"meta-nav\">&rarr;<\/span><\/a><\/p>\n","protected":false},"author":19987,"featured_media":0,"parent":0,"menu_order":0,"comment_status":"closed","ping_status":"closed","template":"","meta":{"footnotes":""},"class_list":["post-32","page","type-page","status-publish","hentry"],"_links":{"self":[{"href":"https:\/\/ostcjknjiznica.splet.arnes.si\/index.php?rest_route=\/wp\/v2\/pages\/32","targetHints":{"allow":["GET"]}}],"collection":[{"href":"https:\/\/ostcjknjiznica.splet.arnes.si\/index.php?rest_route=\/wp\/v2\/pages"}],"about":[{"href":"https:\/\/ostcjknjiznica.splet.arnes.si\/index.php?rest_route=\/wp\/v2\/types\/page"}],"author":[{"embeddable":true,"href":"https:\/\/ostcjknjiznica.splet.arnes.si\/index.php?rest_route=\/wp\/v2\/users\/19987"}],"replies":[{"embeddable":true,"href":"https:\/\/ostcjknjiznica.splet.arnes.si\/index.php?rest_route=%2Fwp%2Fv2%2Fcomments&post=32"}],"version-history":[{"count":2,"href":"https:\/\/ostcjknjiznica.splet.arnes.si\/index.php?rest_route=\/wp\/v2\/pages\/32\/revisions"}],"predecessor-version":[{"id":171,"href":"https:\/\/ostcjknjiznica.splet.arnes.si\/index.php?rest_route=\/wp\/v2\/pages\/32\/revisions\/171"}],"wp:attachment":[{"href":"https:\/\/ostcjknjiznica.splet.arnes.si\/index.php?rest_route=%2Fwp%2Fv2%2Fmedia&parent=32"}],"curies":[{"name":"wp","href":"https:\/\/api.w.org\/{rel}","templated":true}]}}