{"id":30,"date":"2022-04-08T10:49:41","date_gmt":"2022-04-08T08:49:41","guid":{"rendered":"https:\/\/ostcjknjiznica.splet.arnes.si\/?page_id=30"},"modified":"2023-02-22T08:50:53","modified_gmt":"2023-02-22T07:50:53","slug":"vizitka","status":"publish","type":"page","link":"https:\/\/ostcjknjiznica.splet.arnes.si\/?page_id=30","title":{"rendered":"VIZITKA"},"content":{"rendered":"\n<p>NASLOV: Knji\u017enica O\u0160 Toneta \u010cufarja Jesenice, C. Cirila Tav\u010darja 21, 4270 Jesenice<br>TELEFON: 045 833 260, 045 833 261<br>E-PO\u0160TA: <a href=\"mailto:knjiznica.ostcj@guest.arnes.si\">knjiznica.ostcj@guest.arnes.si<\/a><\/p>\n\n\n\n<p>Zaposleni v knji\u017enici:<br>Katja Svetlin Pi\u0161\u010danec, e-po\u0161ta: <a href=\"mailto:katja.svetlin-piscanec@guest.arnes.si\">katja.svetlin-piscanec@guest.arnes.si<\/a><br>Meta \u0160uligoj, e-po\u0161ta: meta.suligoj@guest.arnes.si<\/p>\n\n\n\n<p>Knji\u017enica ponuja ve\u010d kot 16.000 enot knji\u017eni\u010dnega gradiva. Poleg knji\u017enega gradiva (leposlovja in strokovnih knjig), imamo v knji\u017enici tudi neknji\u017eno gradivo, ki ga na\u010deloma uporabljamo za namene pouka.<\/p>\n\n\n\n<p>V \u010ditalnici je prostor za branje, pisanje nalog, raziskovalno delo, iskanje informacij, pregledovanje revij.<\/p>\n\n\n\n<p>U\u010denci knji\u017enico obi\u0161\u010dejo najmanj \u0161tirikrat na leto, saj &nbsp;v takem obsegu v O\u0160 izvajamo knji\u017eni\u010dno informacijska znanja, katerih temeljni cilj je razvijanje in pridobivanje informacijske pismenosti s poudarkom na razvoju znanj, spretnosti in navad za vse\u017eivljenjsko u\u010denje.<br>Poseben poudarek je namenjen motivaciji za branje, razvoju kulturnih navad ter veselja do branja za vse \u017eivljenje.<\/p>\n\n\n\n<p>Knji\u017eni\u010dna dejavnost podpira vzgojno-izobra\u017eevalni proces ter zadovoljuje potrebe u\u010dencev in delavcev \u0161ole. V okviru knji\u017enice se odvijajo razli\u010dni mednarodni in nacionalni projekti, bralna zna\u010dka, predstavitve, razstave, kvizi.<\/p>\n\n\n\n<p>Vsi uporabniki knji\u017enice se navajajo na samostojno iskanje in uporabo knji\u017eni\u010dnega gradiva.<\/p>\n\n\n\n<p>Vedenje v prostorih knji\u017enice ureja knji\u017eni\u010dni red.<\/p>\n","protected":false},"excerpt":{"rendered":"<p>NASLOV: Knji\u017enica O\u0160 Toneta \u010cufarja Jesenice, C. Cirila Tav\u010darja 21, 4270 JeseniceTELEFON: 045 833 260, 045 833 261E-PO\u0160TA: knjiznica.ostcj@guest.arnes.si Zaposleni v knji\u017enici:Katja Svetlin Pi\u0161\u010danec, e-po\u0161ta: katja.svetlin-piscanec@guest.arnes.siMeta \u0160uligoj, e-po\u0161ta: meta.suligoj@guest.arnes.si Knji\u017enica ponuja ve\u010d kot 16.000 enot knji\u017eni\u010dnega gradiva. Poleg knji\u017enega gradiva (leposlovja in strokovnih knjig), imamo v knji\u017enici tudi neknji\u017eno gradivo, ki ga na\u010deloma uporabljamo za &hellip; <a href=\"https:\/\/ostcjknjiznica.splet.arnes.si\/?page_id=30\" class=\"more-link\">Preberi ve\u010d <span class=\"screen-reader-text\">VIZITKA<\/span> <span class=\"meta-nav\">&rarr;<\/span><\/a><\/p>\n","protected":false},"author":19987,"featured_media":0,"parent":0,"menu_order":0,"comment_status":"closed","ping_status":"closed","template":"","meta":{"footnotes":""},"class_list":["post-30","page","type-page","status-publish","hentry"],"_links":{"self":[{"href":"https:\/\/ostcjknjiznica.splet.arnes.si\/index.php?rest_route=\/wp\/v2\/pages\/30","targetHints":{"allow":["GET"]}}],"collection":[{"href":"https:\/\/ostcjknjiznica.splet.arnes.si\/index.php?rest_route=\/wp\/v2\/pages"}],"about":[{"href":"https:\/\/ostcjknjiznica.splet.arnes.si\/index.php?rest_route=\/wp\/v2\/types\/page"}],"author":[{"embeddable":true,"href":"https:\/\/ostcjknjiznica.splet.arnes.si\/index.php?rest_route=\/wp\/v2\/users\/19987"}],"replies":[{"embeddable":true,"href":"https:\/\/ostcjknjiznica.splet.arnes.si\/index.php?rest_route=%2Fwp%2Fv2%2Fcomments&post=30"}],"version-history":[{"count":2,"href":"https:\/\/ostcjknjiznica.splet.arnes.si\/index.php?rest_route=\/wp\/v2\/pages\/30\/revisions"}],"predecessor-version":[{"id":168,"href":"https:\/\/ostcjknjiznica.splet.arnes.si\/index.php?rest_route=\/wp\/v2\/pages\/30\/revisions\/168"}],"wp:attachment":[{"href":"https:\/\/ostcjknjiznica.splet.arnes.si\/index.php?rest_route=%2Fwp%2Fv2%2Fmedia&parent=30"}],"curies":[{"name":"wp","href":"https:\/\/api.w.org\/{rel}","templated":true}]}}